{"id":6,"date":"2021-01-02T18:22:40","date_gmt":"2021-01-02T17:22:40","guid":{"rendered":"https:\/\/bollion.fr\/?page_id=6"},"modified":"2025-08-12T17:14:21","modified_gmt":"2025-08-12T16:14:21","slug":"bollion-sequencer","status":"publish","type":"page","link":"https:\/\/bollion.fr","title":{"rendered":"Sequenceur interface midi"},"content":{"rendered":"\n<p>Le module Bollion.fr est un prototype d\u2019interface Midi r\u00e9alis\u00e9 sur mesure et destin\u00e9 \u00e0 faire sonner un carillon programmable pour bols Tib\u00e9tains, gong et clochettes.<br>Le fonctionnement est le suivant :<\/p>\n\n\n\n<p>La ou les notes jou\u00e9es depuis un clavier avec sortie Midi ou si vous \u00eates connect\u00e9 sur un s\u00e9quenceur Midi (Cubase par exemple) sont envoy\u00e9es via cable Midi au module Bollion.<br>Pour \u00e9viter tout risque de retour, l\u2019entr\u00e9e Midi du module Bollion est \u00e9quip\u00e9e d\u2019un Optocoupleur (E6N138) qui transmet les signaux vers une carte Arduino Mega qui via un logiciel (C++) traite et redirige les signaux (notes et v\u00e9locit\u00e9s) afin de contr\u00f4ler des servomoteurs ou des sol\u00e9no\u00efdes.<br>Ceci via un Driver PCA9685 16 canaux qui contr\u00f4le les impulsions PWM pour les servomoteurs.<br>Le driver PCA9685 dispose de sa propre alimentation et peut donc contr\u00f4ler des servos plus puissants pour les Gongs par exemple.<br>Le Driver PCA9685 est limit\u00e9 \u00e0 16 canaux, mais il est possible d\u2019en connecter 62 en s\u00e9rie, ce qui permettrait donc de contr\u00f4ler un maximum de 992 servos (notes).<br>L\u2019interface est \u00e9quip\u00e9e de potentiom\u00e8tres qui permettent de r\u00e9gler avec pr\u00e9cision le d\u00e9battement des servos moteurs ou la sensibilit\u00e9 des sol\u00e9no\u00efdes.<br>Des mailloches de diff\u00e9rentes longueurs et poids peuvent \u00eatre mont\u00e9es sur ces servos ou sur les sol\u00e9no\u00efdes pour sonner les cloches, clochettes, bols tib\u00e9tains ou gongs.<br>Le syst\u00e8me est multitimbral et permet de jouer plusieurs notes simultan\u00e9ment avec toutefois, une l\u00e9g\u00e8re latence due aux transmission m\u00e9caniques.<\/p>\n\n\n\n<figure class=\"wp-block-video\"><video height=\"480\" style=\"aspect-ratio: 848 \/ 480;\" width=\"848\" controls src=\"https:\/\/bollion.fr\/wp-content\/uploads\/2024\/09\/bollion2.mp4\"><\/video><figcaption class=\"wp-element-caption\">demo<\/figcaption><\/figure>\n\n\n\n<figure class=\"wp-block-image size-large\"><img loading=\"lazy\" decoding=\"async\" width=\"1024\" height=\"557\" src=\"https:\/\/bollion.fr\/wp-content\/uploads\/2021\/11\/interface-midi-2.Bollion-1024x557.png\" alt=\"\" class=\"wp-image-47\" srcset=\"https:\/\/bollion.fr\/wp-content\/uploads\/2021\/11\/interface-midi-2.Bollion-1024x557.png 1024w, https:\/\/bollion.fr\/wp-content\/uploads\/2021\/11\/interface-midi-2.Bollion-300x163.png 300w, https:\/\/bollion.fr\/wp-content\/uploads\/2021\/11\/interface-midi-2.Bollion-768x417.png 768w, https:\/\/bollion.fr\/wp-content\/uploads\/2021\/11\/interface-midi-2.Bollion.png 1080w\" sizes=\"auto, (max-width: 706px) 89vw, (max-width: 767px) 82vw, 740px\" \/><\/figure>\n\n\n\n<p><\/p>\n\n\n\n<figure class=\"wp-block-image size-large\"><img loading=\"lazy\" decoding=\"async\" width=\"768\" height=\"1024\" src=\"https:\/\/bollion.fr\/wp-content\/uploads\/2021\/11\/interface-midi-1.Bollion-768x1024.jpg\" alt=\"\" class=\"wp-image-48\" srcset=\"https:\/\/bollion.fr\/wp-content\/uploads\/2021\/11\/interface-midi-1.Bollion-768x1024.jpg 768w, https:\/\/bollion.fr\/wp-content\/uploads\/2021\/11\/interface-midi-1.Bollion-225x300.jpg 225w, https:\/\/bollion.fr\/wp-content\/uploads\/2021\/11\/interface-midi-1.Bollion.jpg 1080w\" sizes=\"auto, (max-width: 706px) 89vw, (max-width: 767px) 82vw, 740px\" \/><\/figure>\n\n\n<div class=\"wp-block-image\">\n<figure class=\"aligncenter size-large\"><a href=\"https:\/\/youtu.be\/v7x-bkQ_n6A\"><img loading=\"lazy\" decoding=\"async\" width=\"365\" height=\"212\" src=\"https:\/\/bollion.fr\/wp-content\/uploads\/2021\/11\/video-arduino-midi.png\" alt=\"\" class=\"wp-image-46\" srcset=\"https:\/\/bollion.fr\/wp-content\/uploads\/2021\/11\/video-arduino-midi.png 365w, https:\/\/bollion.fr\/wp-content\/uploads\/2021\/11\/video-arduino-midi-300x174.png 300w\" sizes=\"auto, (max-width: 365px) 100vw, 365px\" \/><\/a><\/figure>\n<\/div>","protected":false},"excerpt":{"rendered":"<p>Le module Bollion.fr est un prototype d\u2019interface Midi r\u00e9alis\u00e9 sur mesure et destin\u00e9 \u00e0 faire sonner un carillon programmable pour bols Tib\u00e9tains, gong et clochettes.Le fonctionnement est le suivant : La ou les notes jou\u00e9es depuis un clavier avec sortie Midi ou si vous \u00eates connect\u00e9 sur un s\u00e9quenceur Midi (Cubase par exemple) sont envoy\u00e9es &hellip; <\/p>\n<p class=\"link-more\"><a href=\"https:\/\/bollion.fr\/\" class=\"more-link\">Continuer la lecture<span class=\"screen-reader-text\"> de &laquo;&nbsp;Sequenceur interface midi&nbsp;&raquo;<\/span><\/a><\/p>\n","protected":false},"author":1,"featured_media":0,"parent":0,"menu_order":0,"comment_status":"closed","ping_status":"closed","template":"","meta":{"footnotes":""},"class_list":["post-6","page","type-page","status-publish","hentry"],"_links":{"self":[{"href":"https:\/\/bollion.fr\/index.php\/wp-json\/wp\/v2\/pages\/6","targetHints":{"allow":["GET"]}}],"collection":[{"href":"https:\/\/bollion.fr\/index.php\/wp-json\/wp\/v2\/pages"}],"about":[{"href":"https:\/\/bollion.fr\/index.php\/wp-json\/wp\/v2\/types\/page"}],"author":[{"embeddable":true,"href":"https:\/\/bollion.fr\/index.php\/wp-json\/wp\/v2\/users\/1"}],"replies":[{"embeddable":true,"href":"https:\/\/bollion.fr\/index.php\/wp-json\/wp\/v2\/comments?post=6"}],"version-history":[{"count":12,"href":"https:\/\/bollion.fr\/index.php\/wp-json\/wp\/v2\/pages\/6\/revisions"}],"predecessor-version":[{"id":74,"href":"https:\/\/bollion.fr\/index.php\/wp-json\/wp\/v2\/pages\/6\/revisions\/74"}],"wp:attachment":[{"href":"https:\/\/bollion.fr\/index.php\/wp-json\/wp\/v2\/media?parent=6"}],"curies":[{"name":"wp","href":"https:\/\/api.w.org\/{rel}","templated":true}]}}